{"id":9121,"date":"2022-07-28T08:33:19","date_gmt":"2022-07-28T08:33:19","guid":{"rendered":"https:\/\/agricultorul.com\/?page_id=9121"},"modified":"2022-08-01T08:22:11","modified_gmt":"2022-08-01T08:22:11","slug":"politica-de-retur","status":"publish","type":"page","link":"https:\/\/agricultorul.com\/en\/politica-de-retur\/","title":{"rendered":"Return Policy"},"content":{"rendered":"<div data-elementor-type=\"wp-page\" data-elementor-id=\"9121\" class=\"elementor elementor-9121\">\n\t\t\t\t\t\t<section class=\"elementor-section elementor-top-section elementor-element elementor-element-2a3bac3 elementor-section-boxed elementor-section-height-default elementor-section-height-default\" data-id=\"2a3bac3\" data-element_type=\"section\">\n\t\t\t\t\t\t<div class=\"elementor-container elementor-column-gap-default\">\n\t\t\t\t\t<div class=\"elementor-column elementor-col-100 elementor-top-column elementor-element elementor-element-c4fb31f\" data-id=\"c4fb31f\" data-element_type=\"column\">\n\t\t\t<div class=\"elementor-widget-wrap elementor-element-populated\">\n\t\t\t\t\t\t<div class=\"elementor-element elementor-element-2f70881 elementor-widget elementor-widget-heading\" data-id=\"2f70881\" data-element_type=\"widget\" data-widget_type=\"heading.default\">\n\t\t\t\t<div class=\"elementor-widget-container\">\n\t\t\t\t\t<h2 class=\"elementor-heading-title elementor-size-default\">Return Policy:<\/h2>\t\t\t\t<\/div>\n\t\t\t\t<\/div>\n\t\t\t\t\t<\/div>\n\t\t<\/div>\n\t\t\t\t\t<\/div>\n\t\t<\/section>\n\t\t\t\t<section class=\"elementor-section elementor-top-section elementor-element elementor-element-e7b53d1 elementor-section-boxed elementor-section-height-default elementor-section-height-default\" data-id=\"e7b53d1\" data-element_type=\"section\">\n\t\t\t\t\t\t<div class=\"elementor-container elementor-column-gap-default\">\n\t\t\t\t\t<div class=\"elementor-column elementor-col-100 elementor-top-column elementor-element elementor-element-92aab54\" data-id=\"92aab54\" data-element_type=\"column\">\n\t\t\t<div class=\"elementor-widget-wrap elementor-element-populated\">\n\t\t\t\t\t\t<div class=\"elementor-element elementor-element-6da8a96 elementor-widget elementor-widget-heading\" data-id=\"6da8a96\" data-element_type=\"widget\" data-widget_type=\"heading.default\">\n\t\t\t\t<div class=\"elementor-widget-container\">\n\t\t\t\t\t<h2 class=\"elementor-heading-title elementor-size-default\">According to art.16 of the Emergency Ordinance no. 34\/2014 on consumer rights in contracts with professionals, as well as amending and supplementing certain normative acts, are exempted from the right of withdrawal, the supply of sealed goods that cannot be returned for reasons of health protection or hygiene and that have been unsealed by the consumer. \nIn this regard, upon receipt of the goods ordered, please check the integrity of the packaging and the quantity invoiced. Any request to return goods prior to receipt cannot be accepted. Any quantity of goods delivered may be replaced at the seller's expense if - on delivery - the packaging shows damage\/sealing, changes from the original form.<\/h2>\t\t\t\t<\/div>\n\t\t\t\t<\/div>\n\t\t\t\t\t<\/div>\n\t\t<\/div>\n\t\t\t\t\t<\/div>\n\t\t<\/section>\n\t\t\t\t<section class=\"elementor-section elementor-top-section elementor-element elementor-element-53f26ad elementor-section-boxed elementor-section-height-default elementor-section-height-default\" data-id=\"53f26ad\" data-element_type=\"section\">\n\t\t\t\t\t\t<div class=\"elementor-container elementor-column-gap-default\">\n\t\t\t\t\t<div class=\"elementor-column elementor-col-100 elementor-top-column elementor-element elementor-element-544949b\" data-id=\"544949b\" data-element_type=\"column\">\n\t\t\t<div class=\"elementor-widget-wrap elementor-element-populated\">\n\t\t\t\t\t\t<div class=\"elementor-element elementor-element-db38c66 elementor-widget elementor-widget-heading\" data-id=\"db38c66\" data-element_type=\"widget\" data-widget_type=\"heading.default\">\n\t\t\t\t<div class=\"elementor-widget-container\">\n\t\t\t\t\t<h2 class=\"elementor-heading-title elementor-size-default\">Products return:<\/h2>\t\t\t\t<\/div>\n\t\t\t\t<\/div>\n\t\t\t\t\t<\/div>\n\t\t<\/div>\n\t\t\t\t\t<\/div>\n\t\t<\/section>\n\t\t\t\t<section class=\"elementor-section elementor-top-section elementor-element elementor-element-39b658f elementor-section-boxed elementor-section-height-default elementor-section-height-default\" data-id=\"39b658f\" data-element_type=\"section\">\n\t\t\t\t\t\t<div class=\"elementor-container elementor-column-gap-default\">\n\t\t\t\t\t<div class=\"elementor-column elementor-col-100 elementor-top-column elementor-element elementor-element-25580e4\" data-id=\"25580e4\" data-element_type=\"column\">\n\t\t\t<div class=\"elementor-widget-wrap elementor-element-populated\">\n\t\t\t\t\t\t<div class=\"elementor-element elementor-element-2ebed0a elementor-widget elementor-widget-shortcode\" data-id=\"2ebed0a\" data-element_type=\"widget\" data-widget_type=\"shortcode.default\">\n\t\t\t\t<div class=\"elementor-widget-container\">\n\t\t\t\t\t\t\t<div class=\"elementor-shortcode\"><div class=\"everest-forms\"><div class=\"evf-container default\" id=\"evf-9131\"><form id=\"evf-form-9131\" class=\"everest-form\" data-formid=\"9131\" data-ajax_submission=\"0\" data-keyboard_friendly_form=\"0\" data-form_state_type=\"\" method=\"post\" enctype=\"multipart\/form-data\" action=\"\/en\/wp-json\/wp\/v2\/pages\/9121\" data-trp-original-action=\"\/en\/wp-json\/wp\/v2\/pages\/9121\"><div class=\"evf-field-container\"><input type=\"hidden\" id=\"_wpnonce9131\" name=\"_wpnonce9131\" value=\"bf5a07dc4d\" \/><input type=\"hidden\" name=\"_wp_http_referer\" value=\"\/en\/wp-json\/wp\/v2\/pages\/9121\" \/><div class=\"evf-frontend-row\" data-row=\"row_1\" conditional_rules=\"[]\"><div class=\"evf-frontend-grid evf-grid-2\" data-grid=\"grid_1\"><div id=\"evf-9131-field_0rRKcrjjLs-1-container\" class=\"evf-field evf-field-first-name form-row validate-required\" data-required-field-message=\"This field is required.\" data-field-id=\"0rRKcrjjLs-1\"><label class=\"evf-field-label\" for=\"evf-9131-field_0rRKcrjjLs-1\"><span class=\"evf-label\">First Name<\/span> <abbr class=\"required\" title=\"Required\">*<\/abbr><\/label><input type=\"text\" id=\"evf-9131-field_0rRKcrjjLs-1\" class=\"input-text\" name=\"everest_forms[form_fields][0rRKcrjjLs-1]\" required><\/div><\/div><div class=\"evf-frontend-grid evf-grid-2\" data-grid=\"grid_2\"><div id=\"evf-9131-field_QxFdPhC06p-2-container\" class=\"evf-field evf-field-last-name form-row validate-required\" data-required-field-message=\"nu ai completat acest c\u00e2mp.\" data-field-id=\"QxFdPhC06p-2\"><label class=\"evf-field-label\" for=\"evf-9131-field_QxFdPhC06p-2\"><span class=\"evf-label\">Last Name<\/span> <abbr class=\"required\" title=\"Required\">*<\/abbr><\/label><input type=\"text\" id=\"evf-9131-field_QxFdPhC06p-2\" class=\"input-text\" name=\"everest_forms[form_fields][QxFdPhC06p-2]\" required><\/div><\/div><\/div><div class=\"evf-frontend-row\" data-row=\"row_2\" conditional_rules=\"[]\"><div class=\"evf-frontend-grid evf-grid-2\" data-grid=\"grid_1\"><div id=\"evf-9131-field_dGKmAhjyol-3-container\" class=\"evf-field evf-field-email form-row validate-required validate-email\" data-required-field-message=\"Please enter a valid email address.\" data-field-id=\"dGKmAhjyol-3\"><label class=\"evf-field-label\" for=\"evf-9131-field_dGKmAhjyol-3\"><span class=\"evf-label\">E-mail<\/span> <abbr class=\"required\" title=\"Required\">*<\/abbr><\/label><input type=\"email\" id=\"evf-9131-field_dGKmAhjyol-3\" class=\"input-text\" name=\"everest_forms[form_fields][dGKmAhjyol-3]\" required><\/div><\/div><div class=\"evf-frontend-grid evf-grid-2\" data-grid=\"grid_2\"><div id=\"evf-9131-field_AyaroeL1Nt-9-container\" class=\"evf-field evf-field-text form-row validate-required\" data-required-field-message=\"nu ai completat acest c\u00e2mp.\" data-field-id=\"AyaroeL1Nt-9\"><label class=\"evf-field-label\" for=\"evf-9131-field_AyaroeL1Nt-9\"><span class=\"evf-label\">Your Phone<\/span> <abbr class=\"required\" title=\"Required\">*<\/abbr><\/label><input type=\"text\" id=\"evf-9131-field_AyaroeL1Nt-9\" class=\"input-text\" name=\"everest_forms[form_fields][AyaroeL1Nt-9]\" required><\/div><\/div><\/div><div class=\"evf-frontend-row\" data-row=\"row_3\" conditional_rules=\"[]\"><div class=\"evf-frontend-grid evf-grid-2\" data-grid=\"grid_1\"><div id=\"evf-9131-field_Cxlj00Q1T6-11-container\" class=\"evf-field evf-field-text form-row validate-required\" data-required-field-message=\"nu ai completat acest c\u00e2mp.\" data-field-id=\"Cxlj00Q1T6-11\"><label class=\"evf-field-label\" for=\"evf-9131-field_Cxlj00Q1T6-11\"><span class=\"evf-label\">Order Number<\/span> <abbr class=\"required\" title=\"Required\">*<\/abbr><\/label><input type=\"text\" id=\"evf-9131-field_Cxlj00Q1T6-11\" class=\"input-text\" name=\"everest_forms[form_fields][Cxlj00Q1T6-11]\" required><\/div><\/div><div class=\"evf-frontend-grid evf-grid-2\" data-grid=\"grid_2\"><div id=\"evf-9131-field_CDZPsDFBgc-10-container\" class=\"evf-field evf-field-date-time form-row validate-required\" data-required-field-message=\"cand a fost livrat\u0103 comanda?\" data-field-id=\"CDZPsDFBgc-10\"><label class=\"evf-field-label\" for=\"evf-9131-field_CDZPsDFBgc-10\"><span class=\"evf-label\">Delivery date<\/span> <abbr class=\"required\" title=\"Required\">*<\/abbr><\/label><input type=\"text\" id=\"evf-9131-field_CDZPsDFBgc-10\" class=\"flatpickr-field input-text\" name=\"everest_forms[form_fields][CDZPsDFBgc-10]\" data-time-interval=\"15\" data-date-time=\"date\" data-mode=\"single\" data-locale=\"ro\" data-date-format=\"d\/m\/Y\" required><\/div><\/div><\/div><div class=\"evf-frontend-row\" data-row=\"row_4\" conditional_rules=\"[]\"><div class=\"evf-frontend-grid evf-grid-1\" data-grid=\"grid_1\"><div id=\"evf-9131-field_wfRCV2ZHo1-8-container\" class=\"evf-field evf-field-select form-row validate-required\" data-required-field-message=\"nu ai completat acest c\u00e2mp..\" data-field-id=\"wfRCV2ZHo1-8\"><label class=\"evf-field-label\" for=\"evf-9131-field_wfRCV2ZHo1-8\"><span class=\"evf-label\">Reason for Return<\/span> <abbr class=\"required\" title=\"Required\">*<\/abbr><\/label><select id=\"evf-9131-field_wfRCV2ZHo1-8\" class=\"input-text evf-field-required\" name=\"everest_forms[form_fields][wfRCV2ZHo1-8]\" required=\"required\" ><option value=\"Ambalaj deteriorat\" >Damaged packaging<\/option><option value=\"Ambalaj desigilat\" >Unsealed packaging<\/option><option value=\"Am primit alt produs\" >I received another product<\/option><\/select><\/div><div id=\"evf-9131-field_7GIezJEJo4-7-container\" class=\"evf-field evf-field-textarea form-row validate-required\" data-required-field-message=\"nu ai completat acest c\u00e2mp.\" data-field-id=\"7GIezJEJo4-7\"><label class=\"evf-field-label\" for=\"evf-9131-field_7GIezJEJo4-7\"><span class=\"evf-label\">More details:<\/span> <abbr class=\"required\" title=\"Required\">*<\/abbr><\/label><textarea id=\"evf-9131-field_7GIezJEJo4-7\" class=\"input-text\" name=\"everest_forms[form_fields][7GIezJEJo4-7]\" required><\/textarea><\/div><\/div><\/div><\/div><div class=\"evf-honeypot-container evf-field-hp\"><label for=\"evf-9131-field-hp\" class=\"evf-field-label\">Email<\/label><input type=\"text\" name=\"everest_forms[hp]\" id=\"evf-9131-field-hp\" class=\"input-text\"><\/div><div class=\"evf-submit-container\" ><input type=\"hidden\" name=\"everest_forms[id]\" value=\"9131\"><input type=\"hidden\" name=\"everest_forms[author]\" value=\"1\"><button type='submit' name='everest_forms[submit]' class='everest-forms-submit-button button evf-submit' id='evf-submit-9131' value='evf-submit' data-process-text=\"se trimite\" conditional_rules='&quot;&quot;' conditional_id='evf-submit-9131'  aria-live=\"assertive\">SEND REQUEST<\/button><\/div><input type=\"hidden\" name=\"trp-form-language\" value=\"en\"\/><\/form><\/div><!-- .evf-container --><\/div><\/div>\n\t\t\t\t\t\t<\/div>\n\t\t\t\t<\/div>\n\t\t\t\t\t<\/div>\n\t\t<\/div>\n\t\t\t\t\t<\/div>\n\t\t<\/section>\n\t\t\t\t<\/div>","protected":false},"excerpt":{"rendered":"<p>Politic\u0103 de retur: Conform art.16 din Ordonan\u0163a de urgen\u0163\u0103 nr. 34\/2014 privind drepturile consumatorilor \u00een cadrul contractelor \u00eencheiate cu profesioni\u015ftii, precum \u015fi pentru modificarea \u015fi completarea unor acte normative, sunt exceptate de la dreptul de retragere, furnizarea de bunuri sigilate care nu pot fi returnate din motive de protec\u0163ie a s\u0103n\u0103t\u0103\u0163ii sau din motive de [&hellip;]<\/p>","protected":false},"author":1,"featured_media":0,"parent":0,"menu_order":0,"comment_status":"closed","ping_status":"closed","template":"","meta":{"footnotes":""},"class_list":["post-9121","page","type-page","status-publish","hentry"],"_links":{"self":[{"href":"https:\/\/agricultorul.com\/en\/wp-json\/wp\/v2\/pages\/9121","targetHints":{"allow":["GET"]}}],"collection":[{"href":"https:\/\/agricultorul.com\/en\/wp-json\/wp\/v2\/pages"}],"about":[{"href":"https:\/\/agricultorul.com\/en\/wp-json\/wp\/v2\/types\/page"}],"author":[{"embeddable":true,"href":"https:\/\/agricultorul.com\/en\/wp-json\/wp\/v2\/users\/1"}],"replies":[{"embeddable":true,"href":"https:\/\/agricultorul.com\/en\/wp-json\/wp\/v2\/comments?post=9121"}],"version-history":[{"count":0,"href":"https:\/\/agricultorul.com\/en\/wp-json\/wp\/v2\/pages\/9121\/revisions"}],"wp:attachment":[{"href":"https:\/\/agricultorul.com\/en\/wp-json\/wp\/v2\/media?parent=9121"}],"curies":[{"name":"wp","href":"https:\/\/api.w.org\/{rel}","templated":true}]}}