{"id":4396,"date":"2022-03-10T14:41:34","date_gmt":"2022-03-10T14:41:34","guid":{"rendered":"https:\/\/agricultorul.com\/?post_type=product&#038;p=4396"},"modified":"2023-01-10T14:03:32","modified_gmt":"2023-01-10T14:03:32","slug":"npk-151515-10-s","status":"publish","type":"product","link":"https:\/\/agricultorul.com\/en\/product\/npk-151515-10-s\/","title":{"rendered":"COMPLEX NPK 15:15:15 +10 S"},"content":{"rendered":"<p><a href=\"https:\/\/agricultorul.com\/wp-content\/uploads\/2022\/03\/SDS_NPK_produced_Agropolychim_EN.pdf\" target=\"_blank\" rel=\"noopener\"><img decoding=\"async\" class=\"alignnone size-thumbnail wp-image-4337\" src=\"https:\/\/agricultorul.com\/wp-content\/uploads\/2022\/03\/agro-1-150x150.png\" alt=\"\" width=\"150\" height=\"150\" srcset=\"https:\/\/agricultorul.com\/wp-content\/uploads\/2022\/03\/agro-1-150x150.png 150w, https:\/\/agricultorul.com\/wp-content\/uploads\/2022\/03\/agro-1-400x400.png 400w, https:\/\/agricultorul.com\/wp-content\/uploads\/2022\/03\/agro-1-100x100.png 100w\" sizes=\"(max-width: 150px) 100vw, 150px\" \/><\/a><\/p>","protected":false},"excerpt":{"rendered":"<p>APPEARANCE\u00a0 <strong>GRANULATED<\/strong><br \/>\nTOTAL NITROGEN:\u00a0 <strong>15,0 \u00b1 0,7<\/strong><br \/>\nAMMONIUM NITROGEN:\u00a0 <strong>min. 14%<\/strong><br \/>\nPHOSPHORUS IN THE FORM OF  P\u2082O\u2085: <strong>15,0 \u00b1 0,7<\/strong><br \/>\nP\u2082O\u2085: SOLUBLE IN WATER AND CITRATE:\u00a0 <strong>min.\u00a014%<\/strong><br \/>\nWATER - SOLUBLE PHOSPHORUS IN THE FORM OF P\u2082O\u2085:\u00a0 <strong>min.13%<\/strong><br \/>\nPOTASIU SOLUBIL \u00ceN AP\u0102 SUN FORM\u0102 DE K\u2082O: <strong>\u00a015,0 \u00b1 0,7<\/strong><br \/>\nMOISTURE: <strong>\u00a0min. 10,0% <\/strong><br \/>\nGRANULES 1mm \u2013 5mm: <strong>\u00a0min. 98,0% <\/strong><\/p>\n<p>&nbsp;<\/p>","protected":false},"featured_media":4395,"template":"","meta":[],"product_cat":[80],"product_tag":[],"class_list":{"0":"post-4396","1":"product","2":"type-product","3":"status-publish","4":"has-post-thumbnail","6":"product_cat-complexe","7":"product_shipping_class-camion-24-tone","9":"first","10":"instock","11":"taxable","12":"shipping-taxable","13":"purchasable","14":"product-type-variable"},"_links":{"self":[{"href":"https:\/\/agricultorul.com\/en\/wp-json\/wp\/v2\/product\/4396","targetHints":{"allow":["GET"]}}],"collection":[{"href":"https:\/\/agricultorul.com\/en\/wp-json\/wp\/v2\/product"}],"about":[{"href":"https:\/\/agricultorul.com\/en\/wp-json\/wp\/v2\/types\/product"}],"wp:featuredmedia":[{"embeddable":true,"href":"https:\/\/agricultorul.com\/en\/wp-json\/wp\/v2\/media\/4395"}],"wp:attachment":[{"href":"https:\/\/agricultorul.com\/en\/wp-json\/wp\/v2\/media?parent=4396"}],"wp:term":[{"taxonomy":"product_cat","embeddable":true,"href":"https:\/\/agricultorul.com\/en\/wp-json\/wp\/v2\/product_cat?post=4396"},{"taxonomy":"product_tag","embeddable":true,"href":"https:\/\/agricultorul.com\/en\/wp-json\/wp\/v2\/product_tag?post=4396"}],"curies":[{"name":"wp","href":"https:\/\/api.w.org\/{rel}","templated":true}]}}