{"id":9121,"date":"2022-07-28T08:33:19","date_gmt":"2022-07-28T08:33:19","guid":{"rendered":"https:\/\/agricultorul.com\/?page_id=9121"},"modified":"2022-08-01T08:22:11","modified_gmt":"2022-08-01T08:22:11","slug":"politica-de-retur","status":"publish","type":"page","link":"https:\/\/agricultorul.com\/ro\/politica-de-retur\/","title":{"rendered":"Politic\u0103 de Retur"},"content":{"rendered":"\t\t<div data-elementor-type=\"wp-page\" data-elementor-id=\"9121\" class=\"elementor elementor-9121\">\n\t\t\t\t\t\t<section class=\"elementor-section elementor-top-section elementor-element elementor-element-2a3bac3 elementor-section-boxed elementor-section-height-default elementor-section-height-default\" data-id=\"2a3bac3\" data-element_type=\"section\">\n\t\t\t\t\t\t<div class=\"elementor-container elementor-column-gap-default\">\n\t\t\t\t\t<div class=\"elementor-column elementor-col-100 elementor-top-column elementor-element elementor-element-c4fb31f\" data-id=\"c4fb31f\" data-element_type=\"column\">\n\t\t\t<div class=\"elementor-widget-wrap elementor-element-populated\">\n\t\t\t\t\t\t<div class=\"elementor-element elementor-element-2f70881 elementor-widget elementor-widget-heading\" data-id=\"2f70881\" data-element_type=\"widget\" data-widget_type=\"heading.default\">\n\t\t\t\t<div class=\"elementor-widget-container\">\n\t\t\t\t\t<h2 class=\"elementor-heading-title elementor-size-default\">Politic\u0103 de retur:<\/h2>\t\t\t\t<\/div>\n\t\t\t\t<\/div>\n\t\t\t\t\t<\/div>\n\t\t<\/div>\n\t\t\t\t\t<\/div>\n\t\t<\/section>\n\t\t\t\t<section class=\"elementor-section elementor-top-section elementor-element elementor-element-e7b53d1 elementor-section-boxed elementor-section-height-default elementor-section-height-default\" data-id=\"e7b53d1\" data-element_type=\"section\">\n\t\t\t\t\t\t<div class=\"elementor-container elementor-column-gap-default\">\n\t\t\t\t\t<div class=\"elementor-column elementor-col-100 elementor-top-column elementor-element elementor-element-92aab54\" data-id=\"92aab54\" data-element_type=\"column\">\n\t\t\t<div class=\"elementor-widget-wrap elementor-element-populated\">\n\t\t\t\t\t\t<div class=\"elementor-element elementor-element-6da8a96 elementor-widget elementor-widget-heading\" data-id=\"6da8a96\" data-element_type=\"widget\" data-widget_type=\"heading.default\">\n\t\t\t\t<div class=\"elementor-widget-container\">\n\t\t\t\t\t<h2 class=\"elementor-heading-title elementor-size-default\">Conform art.16 din Ordonan\u0163a de urgen\u0163\u0103 nr. 34\/2014 privind drepturile consumatorilor \u00een cadrul contractelor \u00eencheiate cu profesioni\u015ftii, precum \u015fi pentru modificarea \u015fi completarea unor acte normative, sunt exceptate de la dreptul de retragere, furnizarea de bunuri sigilate care nu pot fi returnate din motive de protec\u0163ie a s\u0103n\u0103t\u0103\u0163ii sau din motive de igien\u0103 \u015fi care au fost desigilate de consumator.  In acest sens, la recep\u021bia bunurilor comandate, v\u0103 rug\u0103m s\u0103 verifica\u021bi integritatea ambalajelor \u0219i cantitatea facturat\u0103.  Orice solicitare privind returnarea bunurilor anterior recep\u021biei nu mai poate fi acceptat\u0103. Orice cantitate de produse livrat\u0103 poate fi \u00eenlocuit\u0103 pe cheltuiala v\u00e2nz\u0103torului \u00een cazul \u00een care - la livrare - ambalajele prezint\u0103 deterior\u0103ri\/desigil\u0103ri, modific\u0103ri fa\u021b\u0103 de forma ini\u021bial\u0103.<\/h2>\t\t\t\t<\/div>\n\t\t\t\t<\/div>\n\t\t\t\t\t<\/div>\n\t\t<\/div>\n\t\t\t\t\t<\/div>\n\t\t<\/section>\n\t\t\t\t<section class=\"elementor-section elementor-top-section elementor-element elementor-element-53f26ad elementor-section-boxed elementor-section-height-default elementor-section-height-default\" data-id=\"53f26ad\" data-element_type=\"section\">\n\t\t\t\t\t\t<div class=\"elementor-container elementor-column-gap-default\">\n\t\t\t\t\t<div class=\"elementor-column elementor-col-100 elementor-top-column elementor-element elementor-element-544949b\" data-id=\"544949b\" data-element_type=\"column\">\n\t\t\t<div class=\"elementor-widget-wrap elementor-element-populated\">\n\t\t\t\t\t\t<div class=\"elementor-element elementor-element-db38c66 elementor-widget elementor-widget-heading\" data-id=\"db38c66\" data-element_type=\"widget\" data-widget_type=\"heading.default\">\n\t\t\t\t<div class=\"elementor-widget-container\">\n\t\t\t\t\t<h2 class=\"elementor-heading-title elementor-size-default\">Returnare produse:<\/h2>\t\t\t\t<\/div>\n\t\t\t\t<\/div>\n\t\t\t\t\t<\/div>\n\t\t<\/div>\n\t\t\t\t\t<\/div>\n\t\t<\/section>\n\t\t\t\t<section class=\"elementor-section elementor-top-section elementor-element elementor-element-39b658f elementor-section-boxed elementor-section-height-default elementor-section-height-default\" data-id=\"39b658f\" data-element_type=\"section\">\n\t\t\t\t\t\t<div class=\"elementor-container elementor-column-gap-default\">\n\t\t\t\t\t<div class=\"elementor-column elementor-col-100 elementor-top-column elementor-element elementor-element-25580e4\" data-id=\"25580e4\" data-element_type=\"column\">\n\t\t\t<div class=\"elementor-widget-wrap elementor-element-populated\">\n\t\t\t\t\t\t<div class=\"elementor-element elementor-element-2ebed0a elementor-widget elementor-widget-shortcode\" data-id=\"2ebed0a\" data-element_type=\"widget\" data-widget_type=\"shortcode.default\">\n\t\t\t\t<div class=\"elementor-widget-container\">\n\t\t\t\t\t\t\t<div class=\"elementor-shortcode\"><div class=\"everest-forms\"><div class=\"evf-container default\" id=\"evf-9131\"><form id=\"evf-form-9131\" class=\"everest-form\" data-formid=\"9131\" data-ajax_submission=\"0\" data-keyboard_friendly_form=\"0\" data-form_state_type=\"\" method=\"post\" enctype=\"multipart\/form-data\" action=\"\/ro\/wp-json\/wp\/v2\/pages\/9121\"><div class=\"evf-field-container\"><input type=\"hidden\" id=\"_wpnonce9131\" name=\"_wpnonce9131\" value=\"c802248e2d\" \/><input type=\"hidden\" name=\"_wp_http_referer\" value=\"\/ro\/wp-json\/wp\/v2\/pages\/9121\" \/><div class=\"evf-frontend-row\" data-row=\"row_1\" conditional_rules=\"[]\"><div class=\"evf-frontend-grid evf-grid-2\" data-grid=\"grid_1\"><div id=\"evf-9131-field_0rRKcrjjLs-1-container\" class=\"evf-field evf-field-first-name form-row validate-required\" data-required-field-message=\"This field is required.\" data-field-id=\"0rRKcrjjLs-1\"><label class=\"evf-field-label\" for=\"evf-9131-field_0rRKcrjjLs-1\"><span class=\"evf-label\">Nume<\/span> <abbr class=\"required\" title=\"Required\">*<\/abbr><\/label><input type=\"text\" id=\"evf-9131-field_0rRKcrjjLs-1\" class=\"input-text\" name=\"everest_forms[form_fields][0rRKcrjjLs-1]\" required><\/div><\/div><div class=\"evf-frontend-grid evf-grid-2\" data-grid=\"grid_2\"><div id=\"evf-9131-field_QxFdPhC06p-2-container\" class=\"evf-field evf-field-last-name form-row validate-required\" data-required-field-message=\"nu ai completat acest c\u00e2mp.\" data-field-id=\"QxFdPhC06p-2\"><label class=\"evf-field-label\" for=\"evf-9131-field_QxFdPhC06p-2\"><span class=\"evf-label\">Prenume<\/span> <abbr class=\"required\" title=\"Required\">*<\/abbr><\/label><input type=\"text\" id=\"evf-9131-field_QxFdPhC06p-2\" class=\"input-text\" name=\"everest_forms[form_fields][QxFdPhC06p-2]\" required><\/div><\/div><\/div><div class=\"evf-frontend-row\" data-row=\"row_2\" conditional_rules=\"[]\"><div class=\"evf-frontend-grid evf-grid-2\" data-grid=\"grid_1\"><div id=\"evf-9131-field_dGKmAhjyol-3-container\" class=\"evf-field evf-field-email form-row validate-required validate-email\" data-required-field-message=\"Please enter a valid email address.\" data-field-id=\"dGKmAhjyol-3\"><label class=\"evf-field-label\" for=\"evf-9131-field_dGKmAhjyol-3\"><span class=\"evf-label\">E-mail<\/span> <abbr class=\"required\" title=\"Required\">*<\/abbr><\/label><input type=\"email\" id=\"evf-9131-field_dGKmAhjyol-3\" class=\"input-text\" name=\"everest_forms[form_fields][dGKmAhjyol-3]\" required ><\/div><\/div><div class=\"evf-frontend-grid evf-grid-2\" data-grid=\"grid_2\"><div id=\"evf-9131-field_AyaroeL1Nt-9-container\" class=\"evf-field evf-field-text form-row validate-required\" data-required-field-message=\"nu ai completat acest c\u00e2mp.\" data-field-id=\"AyaroeL1Nt-9\"><label class=\"evf-field-label\" for=\"evf-9131-field_AyaroeL1Nt-9\"><span class=\"evf-label\">Telefon<\/span> <abbr class=\"required\" title=\"Required\">*<\/abbr><\/label><input type=\"text\" id=\"evf-9131-field_AyaroeL1Nt-9\" class=\"input-text\" name=\"everest_forms[form_fields][AyaroeL1Nt-9]\" required><\/div><\/div><\/div><div class=\"evf-frontend-row\" data-row=\"row_3\" conditional_rules=\"[]\"><div class=\"evf-frontend-grid evf-grid-2\" data-grid=\"grid_1\"><div id=\"evf-9131-field_Cxlj00Q1T6-11-container\" class=\"evf-field evf-field-text form-row validate-required\" data-required-field-message=\"nu ai completat acest c\u00e2mp.\" data-field-id=\"Cxlj00Q1T6-11\"><label class=\"evf-field-label\" for=\"evf-9131-field_Cxlj00Q1T6-11\"><span class=\"evf-label\">Nr. Comand\u0103<\/span> <abbr class=\"required\" title=\"Required\">*<\/abbr><\/label><input type=\"text\" id=\"evf-9131-field_Cxlj00Q1T6-11\" class=\"input-text\" name=\"everest_forms[form_fields][Cxlj00Q1T6-11]\" required><\/div><\/div><div class=\"evf-frontend-grid evf-grid-2\" data-grid=\"grid_2\"><div id=\"evf-9131-field_CDZPsDFBgc-10-container\" class=\"evf-field evf-field-date-time form-row validate-required\" data-required-field-message=\"cand a fost livrat\u0103 comanda?\" data-field-id=\"CDZPsDFBgc-10\"><label class=\"evf-field-label\" for=\"evf-9131-field_CDZPsDFBgc-10\"><span class=\"evf-label\">Data Livr\u0103rii<\/span> <abbr class=\"required\" title=\"Required\">*<\/abbr><\/label><input type=\"text\" id=\"evf-9131-field_CDZPsDFBgc-10\" class=\"flatpickr-field input-text\" name=\"everest_forms[form_fields][CDZPsDFBgc-10]\" data-time-interval=\"15\" data-date-time=\"date\" data-mode=\"single\" data-locale=\"ro\" data-date-format=\"d\/m\/Y\" required ><\/div><\/div><\/div><div class=\"evf-frontend-row\" data-row=\"row_4\" conditional_rules=\"[]\"><div class=\"evf-frontend-grid evf-grid-1\" data-grid=\"grid_1\"><div id=\"evf-9131-field_wfRCV2ZHo1-8-container\" class=\"evf-field evf-field-select form-row validate-required\" data-required-field-message=\"nu ai completat acest c\u00e2mp..\" data-field-id=\"wfRCV2ZHo1-8\"><label class=\"evf-field-label\" for=\"evf-9131-field_wfRCV2ZHo1-8\"><span class=\"evf-label\">Motivul Return\u0103rii<\/span> <abbr class=\"required\" title=\"Required\">*<\/abbr><\/label><select id=\"evf-9131-field_wfRCV2ZHo1-8\" class=\"input-text evf-field-required\" name=\"everest_forms[form_fields][wfRCV2ZHo1-8]\" required=\"required\" ><option value=\"Ambalaj deteriorat\" >Ambalaj deteriorat<\/option><option value=\"Ambalaj desigilat\" >Ambalaj desigilat<\/option><option value=\"Am primit alt produs\" >Am primit alt produs<\/option><\/select><\/div><div id=\"evf-9131-field_7GIezJEJo4-7-container\" class=\"evf-field evf-field-textarea form-row validate-required\" data-required-field-message=\"nu ai completat acest c\u00e2mp.\" data-field-id=\"7GIezJEJo4-7\"><label class=\"evf-field-label\" for=\"evf-9131-field_7GIezJEJo4-7\"><span class=\"evf-label\">Mai multe detalii:<\/span> <abbr class=\"required\" title=\"Required\">*<\/abbr><\/label><textarea id=\"evf-9131-field_7GIezJEJo4-7\" class=\"input-text\" name=\"everest_forms[form_fields][7GIezJEJo4-7]\" required ><\/textarea><\/div><\/div><\/div><\/div><div class=\"evf-honeypot-container evf-field-hp\"><label for=\"evf-9131-field-hp\" class=\"evf-field-label\">Message<\/label><input type=\"text\" name=\"everest_forms[hp]\" id=\"evf-9131-field-hp\" class=\"input-text\"><\/div><div class=\"evf-submit-container \" ><input type=\"hidden\" name=\"everest_forms[id]\" value=\"9131\"><input type=\"hidden\" name=\"everest_forms[author]\" value=\"1\"><button type='submit' name='everest_forms[submit]' class='everest-forms-submit-button button evf-submit ' id='evf-submit-9131' value='evf-submit' data-process-text=\"se trimite\" conditional_rules='&quot;&quot;' conditional_id='evf-submit-9131'  id=\"evf-submit-9131\" aria-live=\"assertive\">TRIMITE SOLICITAREA<\/button><\/div><\/form><\/div><!-- .evf-container --><\/div><\/div>\n\t\t\t\t\t\t<\/div>\n\t\t\t\t<\/div>\n\t\t\t\t\t<\/div>\n\t\t<\/div>\n\t\t\t\t\t<\/div>\n\t\t<\/section>\n\t\t\t\t<\/div>\n\t\t","protected":false},"excerpt":{"rendered":"<p>Politic\u0103 de retur: Conform art.16 din Ordonan\u0163a de urgen\u0163\u0103 nr. 34\/2014 privind drepturile consumatorilor \u00een cadrul contractelor \u00eencheiate cu profesioni\u015ftii, precum \u015fi pentru modificarea \u015fi completarea unor acte normative, sunt exceptate de la dreptul de retragere, furnizarea de bunuri sigilate care nu pot fi returnate din motive de protec\u0163ie a s\u0103n\u0103t\u0103\u0163ii sau din motive de [&hellip;]<\/p>\n","protected":false},"author":1,"featured_media":0,"parent":0,"menu_order":0,"comment_status":"closed","ping_status":"closed","template":"","meta":{"footnotes":""},"class_list":["post-9121","page","type-page","status-publish","hentry"],"_links":{"self":[{"href":"https:\/\/agricultorul.com\/ro\/wp-json\/wp\/v2\/pages\/9121","targetHints":{"allow":["GET"]}}],"collection":[{"href":"https:\/\/agricultorul.com\/ro\/wp-json\/wp\/v2\/pages"}],"about":[{"href":"https:\/\/agricultorul.com\/ro\/wp-json\/wp\/v2\/types\/page"}],"author":[{"embeddable":true,"href":"https:\/\/agricultorul.com\/ro\/wp-json\/wp\/v2\/users\/1"}],"replies":[{"embeddable":true,"href":"https:\/\/agricultorul.com\/ro\/wp-json\/wp\/v2\/comments?post=9121"}],"version-history":[{"count":0,"href":"https:\/\/agricultorul.com\/ro\/wp-json\/wp\/v2\/pages\/9121\/revisions"}],"wp:attachment":[{"href":"https:\/\/agricultorul.com\/ro\/wp-json\/wp\/v2\/media?parent=9121"}],"curies":[{"name":"wp","href":"https:\/\/api.w.org\/{rel}","templated":true}]}}