{"id":4349,"date":"2022-03-08T17:40:52","date_gmt":"2022-03-08T17:40:52","guid":{"rendered":"https:\/\/agricultorul.com\/?post_type=product&#038;p=4349"},"modified":"2023-01-10T14:02:27","modified_gmt":"2023-01-10T14:02:27","slug":"uan-lichid","status":"publish","type":"product","link":"https:\/\/agricultorul.com\/ro\/produs\/uan-lichid\/","title":{"rendered":"UAN (\u00ceNGR\u0102S\u0102M\u00c2NT LICHID)"},"content":{"rendered":"<p><a href=\"https:\/\/agricultorul.com\/wp-content\/uploads\/2022\/03\/UAN_e-SDS-_EN-FEB2021.pdf\" target=\"_blank\" rel=\"noopener\"><img decoding=\"async\" class=\"alignnone size-thumbnail wp-image-4337\" src=\"https:\/\/agricultorul.com\/wp-content\/uploads\/2022\/03\/agro-1-150x150.png\" alt=\"\" width=\"150\" height=\"150\" srcset=\"https:\/\/agricultorul.com\/wp-content\/uploads\/2022\/03\/agro-1-150x150.png 150w, https:\/\/agricultorul.com\/wp-content\/uploads\/2022\/03\/agro-1-400x400.png 400w, https:\/\/agricultorul.com\/wp-content\/uploads\/2022\/03\/agro-1-100x100.png 100w\" sizes=\"(max-width: 150px) 100vw, 150px\" \/><\/a><\/p>\n","protected":false},"excerpt":{"rendered":"<p>ASPECT:\u00a0 <strong>LICHID<\/strong><br \/>\nAZOT TOTAL:\u00a0 <strong>32,0\u00b10,6%<\/strong><br \/>\nAZOT AMONIACAL:\u00a0 <strong>8,0\u00b10,6<\/strong><br \/>\nNITRAT CON\u021aINUT DE AZOT: <strong>\u00a08,0\u00b10,6%<\/strong><br \/>\nCON\u021aINUT DE AZOT AMIDIC:\u00a0 <strong>16,0\u00b10,6%<\/strong><br \/>\nINHIBITOR:\u00a0 <strong>100 &#8211; 140 ppm<\/strong><br \/>\nCON\u021aINUT DE AP\u0102: <strong>\u00a0max. 20,2 %<\/strong><\/p>\n<p>&nbsp;<\/p>\n","protected":false},"featured_media":4347,"template":"","meta":[],"product_cat":[81],"product_tag":[],"class_list":{"0":"post-4349","1":"product","2":"type-product","3":"status-publish","4":"has-post-thumbnail","6":"product_cat-lichide","7":"product_shipping_class-camion-24-tone","9":"first","10":"instock","11":"taxable","12":"shipping-taxable","13":"purchasable","14":"product-type-variable"},"_links":{"self":[{"href":"https:\/\/agricultorul.com\/ro\/wp-json\/wp\/v2\/product\/4349","targetHints":{"allow":["GET"]}}],"collection":[{"href":"https:\/\/agricultorul.com\/ro\/wp-json\/wp\/v2\/product"}],"about":[{"href":"https:\/\/agricultorul.com\/ro\/wp-json\/wp\/v2\/types\/product"}],"wp:featuredmedia":[{"embeddable":true,"href":"https:\/\/agricultorul.com\/ro\/wp-json\/wp\/v2\/media\/4347"}],"wp:attachment":[{"href":"https:\/\/agricultorul.com\/ro\/wp-json\/wp\/v2\/media?parent=4349"}],"wp:term":[{"taxonomy":"product_cat","embeddable":true,"href":"https:\/\/agricultorul.com\/ro\/wp-json\/wp\/v2\/product_cat?post=4349"},{"taxonomy":"product_tag","embeddable":true,"href":"https:\/\/agricultorul.com\/ro\/wp-json\/wp\/v2\/product_tag?post=4349"}],"curies":[{"name":"wp","href":"https:\/\/api.w.org\/{rel}","templated":true}]}}