{"id":4555,"date":"2022-03-15T10:22:36","date_gmt":"2022-03-15T10:22:36","guid":{"rendered":"https:\/\/agricultorul.com\/?post_type=product&#038;p=4555"},"modified":"2022-08-11T15:45:04","modified_gmt":"2022-08-11T15:45:04","slug":"eurofertil-top-49-nps","status":"publish","type":"product","link":"https:\/\/agricultorul.com\/ro\/produs\/eurofertil-top-49-nps\/","title":{"rendered":"EUROFERTIL TOP 49 NPS"},"content":{"rendered":"","protected":false},"excerpt":{"rendered":"<p>3 % Azot total (N)<br \/>\n3% azot amoniacal (N)<br \/>\n22 % Anhidrid\u0103 fosforic\u0103 (P2O5) solubil\u0103 \u00een acizi minerali<br \/>\n14 % P2O5 solubil \u00een citrat de amoniu neutru \u015fi \u00een ap\u0103<br \/>\n12,6 % P2O5 solubil \u00een ap\u0103<br \/>\n29 % Oxid de calciu CaO<br \/>\n24 % Anhidrid\u0103 sulfuric\u0103 (SO3) total\u0103<br \/>\n0,15 % Bor total (B)<\/p>\n<p>Specificitatea Physio+<br \/>\n&#8211; compus\u0103 dintr-un amestec de extracte de alge marine ce con\u021bin compu\u0219i cu aminopurine \u0219i un carbonat de calciu foarte reactiv<br \/>\n&#8211; sinergia dintre aminopurine \u0219i calciu are ca principal efect stimularea radicular\u0103 \u0219i a peri\u0219orilor absorban\u021bi.<\/p>\n","protected":false},"featured_media":4558,"template":"","meta":[],"product_cat":[80],"product_tag":[],"class_list":{"0":"post-4555","1":"product","2":"type-product","3":"status-publish","4":"has-post-thumbnail","6":"product_cat-complexe","7":"product_shipping_class-transport-agricultorul","9":"first","10":"instock","11":"taxable","12":"shipping-taxable","13":"purchasable","14":"product-type-variable"},"_links":{"self":[{"href":"https:\/\/agricultorul.com\/ro\/wp-json\/wp\/v2\/product\/4555","targetHints":{"allow":["GET"]}}],"collection":[{"href":"https:\/\/agricultorul.com\/ro\/wp-json\/wp\/v2\/product"}],"about":[{"href":"https:\/\/agricultorul.com\/ro\/wp-json\/wp\/v2\/types\/product"}],"wp:featuredmedia":[{"embeddable":true,"href":"https:\/\/agricultorul.com\/ro\/wp-json\/wp\/v2\/media\/4558"}],"wp:attachment":[{"href":"https:\/\/agricultorul.com\/ro\/wp-json\/wp\/v2\/media?parent=4555"}],"wp:term":[{"taxonomy":"product_cat","embeddable":true,"href":"https:\/\/agricultorul.com\/ro\/wp-json\/wp\/v2\/product_cat?post=4555"},{"taxonomy":"product_tag","embeddable":true,"href":"https:\/\/agricultorul.com\/ro\/wp-json\/wp\/v2\/product_tag?post=4555"}],"curies":[{"name":"wp","href":"https:\/\/api.w.org\/{rel}","templated":true}]}}