{"id":4570,"date":"2022-03-15T10:53:30","date_gmt":"2022-03-15T10:53:30","guid":{"rendered":"https:\/\/agricultorul.com\/?post_type=product&#038;p=4570"},"modified":"2022-09-21T07:36:32","modified_gmt":"2022-09-21T07:36:32","slug":"sulfammo-25-mppa","status":"publish","type":"product","link":"https:\/\/agricultorul.com\/ro\/produs\/sulfammo-25-mppa\/","title":{"rendered":"SULFAMMO 25 MPPA"},"content":{"rendered":"","protected":false},"excerpt":{"rendered":"<p>25 % Azot total (N)<br \/>\n18% Azot amoniacal (N)<br \/>\n7% Azot nitric (N)<br \/>\n2 % Oxid de magneziu (MgO) total<br \/>\n31 % Anhidrid\u0103 sulfuric\u0103 (SO3) solubil\u0103 \u00een ap\u0103<\/p>\n<p>MPPA DUO<br \/>\n&#8211; Protejeaz\u0103 nutrien\u021bii din fertilizant \u00eempotriva retrograd\u0103rii ireversibile \u00een sol.<br \/>\n&#8211; Mobilizeaz\u0103 nutrien\u021bii din solu\u021bia solului<br \/>\n&#8211; Stimuleaz\u0103 dezvoltarea sistemului radicular.<\/p>\n","protected":false},"featured_media":6677,"template":"","meta":[],"product_cat":[79],"product_tag":[],"class_list":{"0":"post-4570","1":"product","2":"type-product","3":"status-publish","4":"has-post-thumbnail","6":"product_cat-azotoase","7":"product_shipping_class-transport-agricultorul","9":"first","10":"instock","11":"taxable","12":"shipping-taxable","13":"purchasable","14":"product-type-variable"},"_links":{"self":[{"href":"https:\/\/agricultorul.com\/ro\/wp-json\/wp\/v2\/product\/4570","targetHints":{"allow":["GET"]}}],"collection":[{"href":"https:\/\/agricultorul.com\/ro\/wp-json\/wp\/v2\/product"}],"about":[{"href":"https:\/\/agricultorul.com\/ro\/wp-json\/wp\/v2\/types\/product"}],"wp:featuredmedia":[{"embeddable":true,"href":"https:\/\/agricultorul.com\/ro\/wp-json\/wp\/v2\/media\/6677"}],"wp:attachment":[{"href":"https:\/\/agricultorul.com\/ro\/wp-json\/wp\/v2\/media?parent=4570"}],"wp:term":[{"taxonomy":"product_cat","embeddable":true,"href":"https:\/\/agricultorul.com\/ro\/wp-json\/wp\/v2\/product_cat?post=4570"},{"taxonomy":"product_tag","embeddable":true,"href":"https:\/\/agricultorul.com\/ro\/wp-json\/wp\/v2\/product_tag?post=4570"}],"curies":[{"name":"wp","href":"https:\/\/api.w.org\/{rel}","templated":true}]}}