{"id":4796,"date":"2022-03-18T07:55:28","date_gmt":"2022-03-18T07:55:28","guid":{"rendered":"https:\/\/agricultorul.com\/?post_type=product&#038;p=4796"},"modified":"2022-08-11T15:59:20","modified_gmt":"2022-08-11T15:59:20","slug":"physiostart","status":"publish","type":"product","link":"https:\/\/agricultorul.com\/ro\/produs\/physiostart\/","title":{"rendered":"PHYSIOSTART"},"content":{"rendered":"","protected":false},"excerpt":{"rendered":"<p>8 % Azot (N) total<br \/>\n8 % Azot (N) amoniacal<br \/>\n28 % Anhidrid\u0103 fosforic\u0103 (P2O5) solubil\u0103 \u00een citrat de amoniu neutru \u0219i \u00een ap\u0103<br \/>\n17 % Anhidrid\u0103 fosforic\u0103 (P2O5) solubil\u0103 \u00een ap\u0103<br \/>\n23 % Anhidrid\u0103 sulfuric\u0103 (SO3) solubil\u0103 \u00een ap\u0103<br \/>\n2 % Zinc (Zn) total<br \/>\nGranulatie: 0.5 \u2013 1 mm<br \/>\nSpecificitatea Physio+<br \/>\n&#8211; compus\u0103 dintr-un amestec de extracte de alge marine ce con\u021bin compu\u0219i cu aminopurine \u0219i un carbonat de calciu foarte reactiv<br \/>\n&#8211; sinergia dintre aminopurine \u0219i calciu are ca principal efect stimularea radicular\u0103 \u0219i a peri\u0219orilor absorban\u021bi.<\/p>\n","protected":false},"featured_media":4798,"template":"","meta":[],"product_cat":[80,91],"product_tag":[],"class_list":{"0":"post-4796","1":"product","2":"type-product","3":"status-publish","4":"has-post-thumbnail","6":"product_cat-complexe","7":"product_cat-timac-agro","8":"product_shipping_class-transport-agricultorul","10":"first","11":"instock","12":"taxable","13":"shipping-taxable","14":"purchasable","15":"product-type-variable"},"_links":{"self":[{"href":"https:\/\/agricultorul.com\/ro\/wp-json\/wp\/v2\/product\/4796","targetHints":{"allow":["GET"]}}],"collection":[{"href":"https:\/\/agricultorul.com\/ro\/wp-json\/wp\/v2\/product"}],"about":[{"href":"https:\/\/agricultorul.com\/ro\/wp-json\/wp\/v2\/types\/product"}],"wp:featuredmedia":[{"embeddable":true,"href":"https:\/\/agricultorul.com\/ro\/wp-json\/wp\/v2\/media\/4798"}],"wp:attachment":[{"href":"https:\/\/agricultorul.com\/ro\/wp-json\/wp\/v2\/media?parent=4796"}],"wp:term":[{"taxonomy":"product_cat","embeddable":true,"href":"https:\/\/agricultorul.com\/ro\/wp-json\/wp\/v2\/product_cat?post=4796"},{"taxonomy":"product_tag","embeddable":true,"href":"https:\/\/agricultorul.com\/ro\/wp-json\/wp\/v2\/product_tag?post=4796"}],"curies":[{"name":"wp","href":"https:\/\/api.w.org\/{rel}","templated":true}]}}