{"id":8768,"date":"2022-05-20T12:38:12","date_gmt":"2022-05-20T12:38:12","guid":{"rendered":"https:\/\/agricultorul.com\/?post_type=product&#038;p=8768"},"modified":"2022-07-19T08:30:32","modified_gmt":"2022-07-19T08:30:32","slug":"cerealplus","status":"publish","type":"product","link":"https:\/\/agricultorul.com\/ro\/produs\/cerealplus\/","title":{"rendered":"CEREALPLUS"},"content":{"rendered":"","protected":false},"excerpt":{"rendered":"<p>30 % Azot total (N)<br \/>\n5 % Azot amoniacal (N)<br \/>\n25 % Azot ureic (N)<br \/>\n3 % Oxid de magneziu (MgO) total<br \/>\n15 % Anhidrid\u0103 sulfuric\u0103 (SO3) solubil\u0103 \u00een ap\u0103<br \/>\n0,15 % Bor (B) total<br \/>\n0,10 % Zinc (Zn) total<\/p>\n<p>&#8211; Matrice organo-calcic\u0103 pentru protec\u021bia azotului \u00eempotriva levig\u0103rii \u0219i eliberarea lent\u0103 a acesteia<br \/>\n&#8211; Stimulatori organici pentru cre\u0219terea activit\u0103\u021bii microbiene din sol<br \/>\n&#8211; Stimulatori organici pentru transformarea azotului \u00een plant\u0103<\/p>\n","protected":false},"featured_media":8771,"template":"","meta":[],"product_cat":[80],"product_tag":[111],"class_list":{"0":"post-8768","1":"product","2":"type-product","3":"status-publish","4":"has-post-thumbnail","6":"product_cat-complexe","7":"product_tag-timac-agro","8":"product_shipping_class-transport-agricultorul","10":"first","11":"outofstock","12":"taxable","13":"shipping-taxable","14":"product-type-variable"},"_links":{"self":[{"href":"https:\/\/agricultorul.com\/ro\/wp-json\/wp\/v2\/product\/8768","targetHints":{"allow":["GET"]}}],"collection":[{"href":"https:\/\/agricultorul.com\/ro\/wp-json\/wp\/v2\/product"}],"about":[{"href":"https:\/\/agricultorul.com\/ro\/wp-json\/wp\/v2\/types\/product"}],"wp:featuredmedia":[{"embeddable":true,"href":"https:\/\/agricultorul.com\/ro\/wp-json\/wp\/v2\/media\/8771"}],"wp:attachment":[{"href":"https:\/\/agricultorul.com\/ro\/wp-json\/wp\/v2\/media?parent=8768"}],"wp:term":[{"taxonomy":"product_cat","embeddable":true,"href":"https:\/\/agricultorul.com\/ro\/wp-json\/wp\/v2\/product_cat?post=8768"},{"taxonomy":"product_tag","embeddable":true,"href":"https:\/\/agricultorul.com\/ro\/wp-json\/wp\/v2\/product_tag?post=8768"}],"curies":[{"name":"wp","href":"https:\/\/api.w.org\/{rel}","templated":true}]}}